{"id":192,"date":"2024-10-04T14:28:27","date_gmt":"2024-10-04T14:28:27","guid":{"rendered":"https:\/\/valeinsurance.agency\/?page_id=192"},"modified":"2024-10-29T14:24:07","modified_gmt":"2024-10-29T14:24:07","slug":"formnew","status":"publish","type":"page","link":"https:\/\/valeinsurance.agency\/en\/formnew\/","title":{"rendered":"FormNew"},"content":{"rendered":"<div class=\"bwf-align-wrap-wide\"><div class=\"bwf-section-wrap bwf-section-61c6c887 bwf-has-bg\"><div class=\"bwf-col\">\n<div class=\"bwf-inner-col bwf-inner-col-d2d17a10\">\n<div class=\"bwf-section-wrap bwf-section-91b9885c\"><div class=\"bwf-col\">\n<div class=\"bwf-inner-col bwf-inner-col-b1ce3720\">\n<h2 class=\"bwf-adv-heading bwf-adv-head-7354706d bwf-width-default\"><strong>SEGURO MEDICO \u00a02025<br><\/strong>Pre-Registraci\u00f3n<\/h2>\n\n<h2 class=\"bwf-adv-heading bwf-adv-head-341e8444 bwf-width-default\"><strong>CONSENTIMIENTO DEL CONSUMIDOR<\/strong>\u00a0<\/h2>\n\n<h2 class=\"bwf-adv-heading bwf-adv-head-e34baf9 bwf-width-default\"><strong>Yo autorizo a Daniel Valencia (y su equipo en Vale Insurance, LLC) para llevar a cabo las siguientes funciones:<\/strong><br><\/h2>\n\n<h2 class=\"bwf-adv-heading bwf-adv-head-ed94168 bwf-width-default\"><br>1. Crear y\/o acceder a mi cuenta en el Mercado de Salud\u00a0<br>2. Solicitar ayuda financiera para la compra del seguro m\u00e9dico<br>3. Inscribirme en el plan que m\u00e1s me beneficie<br>4. Dar seguimiento durante el a\u00f1o 2025<br><br><\/h2>\n\n<h2 class=\"bwf-adv-heading bwf-adv-head-f625bec bwf-width-default\"><em><sub>Esta autorizaci\u00f3n puede ser revocada o cancelada en cualquier momento. Mi informaci\u00f3n es confidencial y se utilizar\u00e1 \u00fanicamente para el prop\u00f3sito indicado.<\/sub><\/em><\/h2>\n\n<h5 class=\"bwf-adv-heading bwf-adv-head-7b78751 bwf-width-default bwf-hide-lg\"><sub><strong>SIGA LOS PASOS JUSTO DEBAJO<\/strong><\/sub><\/h5>\n\n<div class=\"bwf-section-wrap bwf-section-7f05a7e bwf-hide-sm\"><div class=\"bwf-col\">\n<div class=\"bwf-inner-col bwf-inner-col-f80d1fa\">\n<div\n\t\tclass=\"free align wp-block-lpb-lottie-player\"\tid='lpbLottiePlayer-1'\n\tdata-attributes='{&quot;cId&quot;:&quot;c9108092-7&quot;,&quot;file&quot;:&quot;https:\\\/\\\/lottie.host\\\/17fdde78-bd5b-4188-864e-7247a23b78b5\\\/qoSZuIcywj.json&quot;,&quot;isControls&quot;:false,&quot;width&quot;:&quot;250px&quot;,&quot;align&quot;:&quot;&quot;,&quot;playerAlign&quot;:&quot;center&quot;,&quot;isAutoplay&quot;:true,&quot;isLoop&quot;:true,&quot;isHover&quot;:false,&quot;mode&quot;:&quot;normal&quot;,&quot;direction&quot;:1,&quot;count&quot;:0,&quot;speed&quot;:1,&quot;intermission&quot;:0,&quot;link&quot;:&quot;&quot;,&quot;isLinkInNewTab&quot;:false,&quot;interactivity&quot;:&quot;noInteractivity&quot;,&quot;interactivityMode&quot;:&quot;&quot;,&quot;interactivityContainer&quot;:&quot;.wp-block-lpb-lottie-player&quot;,&quot;interactivityActions&quot;:[],&quot;background&quot;:&quot;#0000&quot;,&quot;controlsHeight&quot;:&quot;35px&quot;,&quot;controlsBG&quot;:&quot;#0000&quot;,&quot;controlsIconColor&quot;:&quot;#146EF5&quot;,&quot;controlsIconHoverColor&quot;:&quot;#FF7A00&quot;,&quot;controlsIconActiveColor&quot;:&quot;#FF7A00&quot;,&quot;controlsTrackColor&quot;:&quot;#FF7A00&quot;,&quot;controlsThumbColor&quot;:&quot;#146EF5&quot;,&quot;isCap&quot;:false,&quot;caption&quot;:&quot;&quot;,&quot;capAlign&quot;:&quot;center&quot;,&quot;capColors&quot;:{&quot;color&quot;:&quot;#333&quot;},&quot;capTypo&quot;:{&quot;fontSize&quot;:{&quot;desktop&quot;:{&quot;desktop&quot;:&quot;14px&quot;}}},&quot;capPadding&quot;:{&quot;vertical&quot;:&quot;5px&quot;,&quot;horizontal&quot;:&quot;10px&quot;},&quot;capMargin&quot;:{&quot;side&quot;:4,&quot;top&quot;:&quot;5px&quot;},&quot;TrpContentRestriction&quot;:{&quot;restriction_type&quot;:&quot;exclude&quot;,&quot;selected_languages&quot;:[],&quot;panel_open&quot;:true}}'\n><\/div>\n<\/div>\n<\/div><\/div>\n\n<div class=\"bwf-section-wrap bwf-section-1714395 bwf-hide-lg\"><div class=\"bwf-col\">\n<div class=\"bwf-inner-col bwf-inner-col-0dccf57\">\n<div\n\t\tclass=\"free align wp-block-lpb-lottie-player\"\tid='lpbLottiePlayer-2'\n\tdata-attributes='{&quot;cId&quot;:&quot;fac5cabc-a&quot;,&quot;file&quot;:&quot;https:\\\/\\\/lottie.host\\\/6169e68f-1291-4461-bca0-f298d43a000d\\\/wuGtPLN9nn.json&quot;,&quot;isControls&quot;:false,&quot;width&quot;:&quot;100px&quot;,&quot;align&quot;:&quot;&quot;,&quot;playerAlign&quot;:&quot;center&quot;,&quot;isAutoplay&quot;:true,&quot;isLoop&quot;:true,&quot;isHover&quot;:false,&quot;mode&quot;:&quot;normal&quot;,&quot;direction&quot;:1,&quot;count&quot;:0,&quot;speed&quot;:1,&quot;intermission&quot;:0,&quot;link&quot;:&quot;&quot;,&quot;isLinkInNewTab&quot;:false,&quot;interactivity&quot;:&quot;noInteractivity&quot;,&quot;interactivityMode&quot;:&quot;&quot;,&quot;interactivityContainer&quot;:&quot;.wp-block-lpb-lottie-player&quot;,&quot;interactivityActions&quot;:[],&quot;background&quot;:&quot;#0000&quot;,&quot;controlsHeight&quot;:&quot;35px&quot;,&quot;controlsBG&quot;:&quot;#0000&quot;,&quot;controlsIconColor&quot;:&quot;#146EF5&quot;,&quot;controlsIconHoverColor&quot;:&quot;#FF7A00&quot;,&quot;controlsIconActiveColor&quot;:&quot;#FF7A00&quot;,&quot;controlsTrackColor&quot;:&quot;#FF7A00&quot;,&quot;controlsThumbColor&quot;:&quot;#146EF5&quot;,&quot;isCap&quot;:false,&quot;caption&quot;:&quot;&quot;,&quot;capAlign&quot;:&quot;center&quot;,&quot;capColors&quot;:{&quot;color&quot;:&quot;#333&quot;},&quot;capTypo&quot;:{&quot;fontSize&quot;:{&quot;desktop&quot;:{&quot;desktop&quot;:&quot;14px&quot;}}},&quot;capPadding&quot;:{&quot;vertical&quot;:&quot;5px&quot;,&quot;horizontal&quot;:&quot;10px&quot;},&quot;capMargin&quot;:{&quot;side&quot;:4,&quot;top&quot;:&quot;5px&quot;},&quot;TrpContentRestriction&quot;:{&quot;restriction_type&quot;:&quot;exclude&quot;,&quot;selected_languages&quot;:[],&quot;panel_open&quot;:true}}'\n><\/div>\n<\/div>\n<\/div><\/div>\n<\/div>\n\n<div class=\"bwf-inner-col bwf-inner-col-82c4d4b4\">\n<h2 class=\"bwf-adv-heading bwf-adv-head-3358295b bwf-width-default\">Pasos a Seguir<\/h2>\n\n<h2 class=\"bwf-adv-heading bwf-adv-head-a32a893c bwf-width-default\"><\/h2>\n\n<div class=\"jet-fb-form-block\" data-is-block=\"jet-forms\/form-block\">Please select form to show<\/div>\n\n\n\n<figure class=\"wp-block-image aligncenter size-large is-style-rounded\"><img decoding=\"async\" src=\"https:\/\/d3ldyx3r2ad3ic.cloudfront.net\/templates\/template-assets\/images\/charmer\/quotes.png\" alt=\"Quotes\" title=\"FormNew\"><\/figure>\n\n\n<p class=\"bwf-adv-heading bwf-adv-head-9d38713b bwf-width-default\">At\u00a0<strong>Vale Insurance<\/strong>\u00a0it is our experience and dedication while also maintaining strong relationships with the companies we represent which have proven our strength &amp; know-how.<\/p>\n\n<div class=\"bwf-section-wrap bwf-section-11bf20d0\"><div class=\"bwf-col\">\n<div class=\"bwf-inner-col bwf-inner-col-0897dabf\">\n\n<figure class=\"wp-block-image aligncenter size-full is-resized is-style-rounded\"><img fetchpriority=\"high\" decoding=\"async\" width=\"500\" height=\"500\" src=\"https:\/\/valeinsurance.agency\/wp-content\/uploads\/2024\/09\/Diseno-sin-titulo.png\" alt=\"Diseno Sin Titulo\" class=\"wp-image-20\" style=\"width:104px;height:auto\" title=\"FormNew\" srcset=\"https:\/\/valeinsurance.agency\/wp-content\/uploads\/2024\/09\/Diseno-sin-titulo.png 500w, https:\/\/valeinsurance.agency\/wp-content\/uploads\/2024\/09\/Diseno-sin-titulo-300x300.png 300w, https:\/\/valeinsurance.agency\/wp-content\/uploads\/2024\/09\/Diseno-sin-titulo-100x100.png 100w, https:\/\/valeinsurance.agency\/wp-content\/uploads\/2024\/09\/Diseno-sin-titulo-150x150.png 150w\" sizes=\"(max-width: 500px) 100vw, 500px\" \/><\/figure>\n\n<\/div>\n\n<div class=\"bwf-inner-col bwf-inner-col-2daae609\">\n<h2 class=\"bwf-adv-heading bwf-adv-head-86b7c812 bwf-width-default\">Daniel Valencia<\/h2>\n\n<h2 class=\"bwf-adv-heading bwf-adv-head-00c650e5 bwf-width-default\">Co-Owner<\/h2>\n<\/div>\n<\/div><\/div>\n<\/div>\n<\/div><\/div>\n<\/div>\n<\/div><\/div><\/div>\n\n<div class=\"bwf-align-wrap-full\"><div class=\"bwf-section-wrap bwf-section-8af04c51 bwf-has-bg\"><div class=\"bwf-col\">\n<div class=\"bwf-inner-col bwf-inner-col-c57532e8\">\n<p class=\"bwf-adv-heading bwf-adv-head-4bec35a2 bwf-width-default\"><em><strong>Es nuestra intenci\u00f3n brindarle una asesor\u00eda completa para que obtengas un seguro medico a bajo costo con el mayor beneficio.\u00a0<\/strong><\/em><br><br>Gracias por permitir que Vale Insurance, LLC y su equipo te sigan brindando el apoyo que necesitas para tu seguro m\u00e9dico. Ll\u00e1manos al 678-472-0345 o escr\u00edbenos a\u00a0hoyasegurate@gmail.com.<\/p>\n\n<div class=\"bwf-icon-list-wrap bwf-list-8e4a70ec\"><ul class=\"bwf-icon-list\" ><li class=\"bwf-icon-list-item-wrap bwf-icon-list-item-0\"><span class=\"bwf-icon-inner-svg\"><svg data-prefix=\"fas\" data-icon=\"check\" class=\"svg-inline--fa fa-check fa-w-16\" role=\"img\" xmlns=\"http:\/\/www.w3.org\/2000\/svg\" viewbox=\"0 0 512 512\"><path fill=\"currentColor\" d=\"M173.898 439.404l-166.4-166.4c-9.997-9.997-9.997-26.206 0-36.204l36.203-36.204c9.997-9.998 26.207-9.998 36.204 0L192 312.69 432.095 72.596c9.997-9.997 26.207-9.997 36.204 0l36.203 36.204c9.997 9.997 9.997 26.206 0 36.204l-294.4 294.401c-9.998 9.997-26.207 9.997-36.204-.001z\"><\/path><\/svg><\/span><span class=\"bwf-icon-list-text\">Daniel Valencia (NPN\u00a0 7411539)<\/span><\/li><li class=\"bwf-icon-list-item-wrap bwf-icon-list-item-1\"><span class=\"bwf-icon-inner-svg\"><svg data-prefix=\"fas\" data-icon=\"check\" class=\"svg-inline--fa fa-check fa-w-16\" role=\"img\" xmlns=\"http:\/\/www.w3.org\/2000\/svg\" viewbox=\"0 0 512 512\"><path fill=\"currentColor\" d=\"M173.898 439.404l-166.4-166.4c-9.997-9.997-9.997-26.206 0-36.204l36.203-36.204c9.997-9.998 26.207-9.998 36.204 0L192 312.69 432.095 72.596c9.997-9.997 26.207-9.997 36.204 0l36.203 36.204c9.997 9.997 9.997 26.206 0 36.204l-294.4 294.401c-9.998 9.997-26.207 9.997-36.204-.001z\"><\/path><\/svg><\/span><span class=\"bwf-icon-list-text\">Laila Yapor (NPN\u00a0 18071121)\u00a0<\/span><\/li><li class=\"bwf-icon-list-item-wrap bwf-icon-list-item-2\"><span class=\"bwf-icon-inner-svg\"><svg data-prefix=\"fas\" data-icon=\"check\" class=\"svg-inline--fa fa-check fa-w-16\" role=\"img\" xmlns=\"http:\/\/www.w3.org\/2000\/svg\" viewbox=\"0 0 512 512\"><path fill=\"currentColor\" d=\"M173.898 439.404l-166.4-166.4c-9.997-9.997-9.997-26.206 0-36.204l36.203-36.204c9.997-9.998 26.207-9.998 36.204 0L192 312.69 432.095 72.596c9.997-9.997 26.207-9.997 36.204 0l36.203 36.204c9.997 9.997 9.997 26.206 0 36.204l-294.4 294.401c-9.998 9.997-26.207 9.997-36.204-.001z\"><\/path><\/svg><\/span><span class=\"bwf-icon-list-text\">Camila Marcelo (NPN\u00a0 20096471)<\/span><\/li><li class=\"bwf-icon-list-item-wrap bwf-icon-list-item-3\"><span class=\"bwf-icon-inner-svg\"><svg data-prefix=\"fas\" data-icon=\"check\" class=\"svg-inline--fa fa-check fa-w-16\" role=\"img\" xmlns=\"http:\/\/www.w3.org\/2000\/svg\" viewbox=\"0 0 512 512\"><path fill=\"currentColor\" d=\"M173.898 439.404l-166.4-166.4c-9.997-9.997-9.997-26.206 0-36.204l36.203-36.204c9.997-9.998 26.207-9.998 36.204 0L192 312.69 432.095 72.596c9.997-9.997 26.207-9.997 36.204 0l36.203 36.204c9.997 9.997 9.997 26.206 0 36.204l-294.4 294.401c-9.998 9.997-26.207 9.997-36.204-.001z\"><\/path><\/svg><\/span><span class=\"bwf-icon-list-text\">David Hern\u00e1ndez (NPN\u00a0 21314403)<\/span><\/li><li class=\"bwf-icon-list-item-wrap bwf-icon-list-item-4\"><span class=\"bwf-icon-inner-svg\"><svg data-prefix=\"fas\" data-icon=\"check\" class=\"svg-inline--fa fa-check fa-w-16\" role=\"img\" xmlns=\"http:\/\/www.w3.org\/2000\/svg\" viewbox=\"0 0 512 512\"><path fill=\"currentColor\" d=\"M173.898 439.404l-166.4-166.4c-9.997-9.997-9.997-26.206 0-36.204l36.203-36.204c9.997-9.998 26.207-9.998 36.204 0L192 312.69 432.095 72.596c9.997-9.997 26.207-9.997 36.204 0l36.203 36.204c9.997 9.997 9.997 26.206 0 36.204l-294.4 294.401c-9.998 9.997-26.207 9.997-36.204-.001z\"><\/path><\/svg><\/span><span class=\"bwf-icon-list-text\">Yeraidin Diaz<\/span><\/li><\/ul><\/div>\n\n<div class=\"bwf-section-wrap bwf-section-83f7aa34\"><div class=\"bwf-col\">\n<div class=\"bwf-inner-col bwf-inner-col-ce0d2bb6\">\n<h2 class=\"bwf-adv-heading bwf-adv-head-e6ca6964 bwf-width-default\">About The Agency<\/h2>\n\n<p class=\"bwf-adv-heading bwf-adv-head-5afcd883 bwf-width-default\">Our dedicated staff of health insurance and life insurance professionals are here to assist you in securing insurance policies to protect you and your loved ones for years to come. With a vast knowledge of our many carriers, we are equipped to shop for the best policy to suit your needs. Our job is to help you navigate through the sea of policy options and clarify any questions or concerns you may have along the way.<\/p>\n\n<div class=\"bwf-section-wrap bwf-section-35fabb4a\"><div class=\"bwf-col\">\n<div class=\"bwf-inner-col bwf-inner-col-95ed08c4\">\n\n<figure class=\"wp-block-image aligncenter size-full is-resized is-style-rounded\"><img decoding=\"async\" width=\"500\" height=\"500\" src=\"https:\/\/valeinsurance.agency\/wp-content\/uploads\/2024\/09\/Diseno-sin-titulo-42.png\" alt=\"Diseno Sin Titulo 42\" class=\"wp-image-22\" style=\"width:104px\" title=\"FormNew\" srcset=\"https:\/\/valeinsurance.agency\/wp-content\/uploads\/2024\/09\/Diseno-sin-titulo-42.png 500w, https:\/\/valeinsurance.agency\/wp-content\/uploads\/2024\/09\/Diseno-sin-titulo-42-300x300.png 300w, https:\/\/valeinsurance.agency\/wp-content\/uploads\/2024\/09\/Diseno-sin-titulo-42-100x100.png 100w, https:\/\/valeinsurance.agency\/wp-content\/uploads\/2024\/09\/Diseno-sin-titulo-42-150x150.png 150w\" sizes=\"(max-width: 500px) 100vw, 500px\" \/><\/figure>\n\n<\/div>\n\n<div class=\"bwf-inner-col bwf-inner-col-dbb04404\">\n<p class=\"bwf-adv-heading bwf-adv-head-ca4cae3c bwf-width-default\">Laila Yapor<\/p>\n\n<p class=\"bwf-adv-heading bwf-adv-head-481dd000 bwf-width-default\">Co-Owner<\/p>\n<\/div>\n<\/div><\/div>\n<\/div>\n<\/div><\/div>\n<\/div>\n<\/div><\/div><\/div>\n\n<div class=\"bwf-align-wrap-full\"><div class=\"bwf-section-wrap bwf-section-cb31704b bwf-has-bg\"><div class=\"bwf-col\">\n<div class=\"bwf-inner-col bwf-inner-col-411e1df8\">\n\n<figure class=\"wp-block-image aligncenter size-large is-resized is-style-default\"><img decoding=\"async\" width=\"1024\" height=\"341\" src=\"https:\/\/valeinsurance.agency\/wp-content\/uploads\/2024\/09\/VALE-INSURANCE-2-1024x341.png\" alt=\"VALE INSURANCE 2 1024x341\" class=\"wp-image-6\" style=\"width:237px;height:auto\" title=\"FormNew\" srcset=\"https:\/\/valeinsurance.agency\/wp-content\/uploads\/2024\/09\/VALE-INSURANCE-2-1024x341.png 1024w, https:\/\/valeinsurance.agency\/wp-content\/uploads\/2024\/09\/VALE-INSURANCE-2-300x100.png 300w, https:\/\/valeinsurance.agency\/wp-content\/uploads\/2024\/09\/VALE-INSURANCE-2-768x256.png 768w, https:\/\/valeinsurance.agency\/wp-content\/uploads\/2024\/09\/VALE-INSURANCE-2-1536x512.png 1536w, https:\/\/valeinsurance.agency\/wp-content\/uploads\/2024\/09\/VALE-INSURANCE-2-2048x683.png 2048w, https:\/\/valeinsurance.agency\/wp-content\/uploads\/2024\/09\/VALE-INSURANCE-2-600x200.png 600w\" sizes=\"(max-width: 1024px) 100vw, 1024px\" \/><\/figure>\n\n<\/div>\n\n<div class=\"bwf-inner-col bwf-inner-col-39b4e631\">\n<p class=\"bwf-adv-heading bwf-adv-head-f85116c6 bwf-width-default\">Copyright 2024. All rights reserved | <a href=\"#\">Privacy Policy<\/a> | <a href=\"#\">Terms &amp; Conditions<\/a><\/p>\n<\/div>\n<\/div><\/div><\/div>\n\n\n<p><\/p>","protected":false},"excerpt":{"rendered":"","protected":false},"author":1,"featured_media":0,"parent":0,"menu_order":0,"comment_status":"closed","ping_status":"closed","template":"","meta":{"bwfblock_default_font":"","_gspb_post_css":"","_uag_custom_page_level_css":"","site-sidebar-layout":"default","site-content-layout":"","ast-site-content-layout":"","site-content-style":"default","site-sidebar-style":"default","ast-global-header-display":"","ast-banner-title-visibility":"","ast-main-header-display":"","ast-hfb-above-header-display":"","ast-hfb-below-header-display":"","ast-hfb-mobile-header-display":"","site-post-title":"disabled","ast-breadcrumbs-content":"","ast-featured-img":"","footer-sml-layout":"","theme-transparent-header-meta":"","adv-header-id-meta":"","stick-header-meta":"","header-above-stick-meta":"","header-main-stick-meta":"","header-below-stick-meta":"","astra-migrate-meta-layouts":"default","ast-page-background-enabled":"default","ast-page-background-meta":{"desktop":{"background-color":"","background-image":"","background-repeat":"repeat","background-position":"center center","background-size":"auto","background-attachment":"scroll","background-type":"","background-media":"","overlay-type":"","overlay-color":"","overlay-opacity":"","overlay-gradient":""},"tablet":{"background-color":"","background-image":"","background-repeat":"repeat","background-position":"center center","background-size":"auto","background-attachment":"scroll","background-type":"","background-media":"","overlay-type":"","overlay-color":"","overlay-opacity":"","overlay-gradient":""},"mobile":{"background-color":"","background-image":"","background-repeat":"repeat","background-position":"center center","background-size":"auto","background-attachment":"scroll","background-type":"","background-media":"","overlay-type":"","overlay-color":"","overlay-opacity":"","overlay-gradient":""}},"ast-content-background-meta":{"desktop":{"background-color":"var(--ast-global-color-5)","background-image":"","background-repeat":"repeat","background-position":"center center","background-size":"auto","background-attachment":"scroll","background-type":"","background-media":"","overlay-type":"","overlay-color":"","overlay-opacity":"","overlay-gradient":""},"tablet":{"background-color":"var(--ast-global-color-5)","background-image":"","background-repeat":"repeat","background-position":"center center","background-size":"auto","background-attachment":"scroll","background-type":"","background-media":"","overlay-type":"","overlay-color":"","overlay-opacity":"","overlay-gradient":""},"mobile":{"background-color":"var(--ast-global-color-5)","background-image":"","background-repeat":"repeat","background-position":"center center","background-size":"auto","background-attachment":"scroll","background-type":"","background-media":"","overlay-type":"","overlay-color":"","overlay-opacity":"","overlay-gradient":""}},"footnotes":""},"class_list":["post-192","page","type-page","status-publish","hentry"],"uagb_featured_image_src":{"full":false,"thumbnail":false,"medium":false,"medium_large":false,"large":false,"1536x1536":false,"2048x2048":false,"trp-custom-language-flag":false,"woocommerce_thumbnail":false,"woocommerce_single":false,"woocommerce_gallery_thumbnail":false},"uagb_author_info":{"display_name":"pp9800476@gmail.com","author_link":"https:\/\/valeinsurance.agency\/en\/author\/pp9800476gmail-com\/"},"uagb_comment_info":0,"uagb_excerpt":null,"_links":{"self":[{"href":"https:\/\/valeinsurance.agency\/en\/wp-json\/wp\/v2\/pages\/192","targetHints":{"allow":["GET"]}}],"collection":[{"href":"https:\/\/valeinsurance.agency\/en\/wp-json\/wp\/v2\/pages"}],"about":[{"href":"https:\/\/valeinsurance.agency\/en\/wp-json\/wp\/v2\/types\/page"}],"author":[{"embeddable":true,"href":"https:\/\/valeinsurance.agency\/en\/wp-json\/wp\/v2\/users\/1"}],"replies":[{"embeddable":true,"href":"https:\/\/valeinsurance.agency\/en\/wp-json\/wp\/v2\/comments?post=192"}],"version-history":[{"count":5,"href":"https:\/\/valeinsurance.agency\/en\/wp-json\/wp\/v2\/pages\/192\/revisions"}],"predecessor-version":[{"id":300,"href":"https:\/\/valeinsurance.agency\/en\/wp-json\/wp\/v2\/pages\/192\/revisions\/300"}],"wp:attachment":[{"href":"https:\/\/valeinsurance.agency\/en\/wp-json\/wp\/v2\/media?parent=192"}],"curies":[{"name":"wp","href":"https:\/\/api.w.org\/{rel}","templated":true}]}}